{"id":2326,"date":"2021-06-06T16:19:58","date_gmt":"2021-06-06T15:19:58","guid":{"rendered":"https:\/\/www.antonioautos.com\/?page_id=2326"},"modified":"2021-06-06T16:20:19","modified_gmt":"2021-06-06T15:20:19","slug":"politica-de-privacidad","status":"publish","type":"page","link":"https:\/\/www.antonioautos.com\/en\/politica-de-privacidad\/","title":{"rendered":"Pol\u00edtica de Privacidad"},"content":{"rendered":"<p>class=&#8221;entry-header&#8221;&gt;<\/p>\n\n\n\n<h1 class=\"wp-block-heading\"><\/h1>\n\n\n\n<p><strong>INFORMACI\u00d3N B\u00c1SICA DE PROTECCI\u00d3N DE DATOS<\/strong><\/p>\n\n\n\n<figure class=\"wp-block-table\"><table><tbody><tr><td><strong>Responsable<\/strong><\/td><td>ANTONIO AUTOS 2010 S.L.U. en adelante \u00abwww.antonioautos.com\u00bb<\/td><\/tr><tr><td><strong>Finalidad<\/strong><\/td><td>Atender las solicitudes realizadas a trav\u00e9s de la web, gestionar el env\u00edo de informaci\u00f3n, gestionar sus compras on-line, registrarse como usuario.<\/td><\/tr><tr><td><strong>Legitimaci\u00f3n<\/strong><\/td><td>Consentimiento del interesado y ejecuci\u00f3n de un precontrato\/ contrato.<\/td><\/tr><tr><td><strong>Destinatarios<\/strong><\/td><td>No se har\u00e1 cesi\u00f3n de datos a terceros salvo obligaci\u00f3n legal o en el supuesto que sea necesario para atender su solicitud<\/td><\/tr><tr><td><strong>Derechos<\/strong><\/td><td>Podr\u00e1 ejercer los derechos de acceso, rectificaci\u00f3n, supresi\u00f3n y&nbsp;oposici\u00f3n, limitaci\u00f3n del tratamiento, portabilidad de datos y a no ser objeto de decisiones individualizadas automatizadas.<\/td><\/tr><tr><td><strong>Informaci\u00f3n adicional<\/strong><\/td><td>Puede consultar la informaci\u00f3n adicional sobre protecci\u00f3n de Datos en nuestra web.<\/td><\/tr><\/tbody><\/table><\/figure>\n\n\n\n<p>www.antonioautos.com, en adelante, se compromete a cumplir la legislaci\u00f3n vigente en cada momento en materia de tratamiento de datos de car\u00e1cter personal. Mediante la siguiente pol\u00edtica de privacidad www.antonioautos.com, de conformidad con los requisitos previstos en el RGPD informa a los usuarios de: \u00a0 <\/p>\n\n\n\n<p><strong>\u00bfQUI\u00c9N ES EL RESPONSABLE DEL TRATAMIENTO DE SUS DATOS?<\/strong> <\/p>\n\n\n\n<p>El responsable del tratamiento de sus datos es ANTONIO AUTOS 2010 S.L.U.: <\/p>\n\n\n\n<p><strong>Identidad:<\/strong>\u00a0ANTONIO AUTOS 2010 S.L.U. \u2013 CIF B76680800 <\/p>\n\n\n\n<p><strong>Direcci\u00f3n:\u00a0<\/strong>CTRA GRAL DEL SUR, 48, EDF. TIMANFAYA, LOCAL 2, 38107, SANTA CRUZ DE TENERIFE <\/p>\n\n\n\n<p><strong>Web:\u00a0<\/strong>www.antonioautos.com<\/p>\n\n\n\n<p> <strong>email:<\/strong>\u00a0protecciondatos@antonioautos.com <\/p>\n\n\n\n<p>www.antonioautos.com informa al usuario que los datos que nos facilite a trav\u00e9s de la navegaci\u00f3n por nuestra web, el formulario de contacto o en el env\u00edo de correos electr\u00f3nicos, van a ser tratados por www.antonioautos.com y que dicho tratamiento se encuentra recogido en el Registro de Actividades de tratamiento gestionado por www.antonioautos.com conforme a lo establecido en el RGPD. \u00a0<\/p>\n\n\n\n<p><strong>\u00bfPARA QU\u00c9 SE UTILIZAN SUS DATOS PERSONALES<\/strong>? En www.antonioautos.com cuando el usuario acepta nuestra pol\u00edtica de privacidad nos autoriza a utilizar y tratar los datos personales suministrados para:<\/p>\n\n\n\n<ul class=\"wp-block-list\"><li>Remitirle la informaci\u00f3n y prestarle el servicio que soliciten mediante los&nbsp;diversos formularios disponibles en nuestra web.<\/li><li>Facilitarle informaci\u00f3n sobre las ofertas, productos y servicios solicitados.<\/li><li>Ocasionalmente,www.antonioautos.com podr\u00e1 utilizar sus datos de car\u00e1cter&nbsp;personal para enviarle notificaciones por medio de correo electr\u00f3nico. Dichas notificaciones se har\u00e1n para informar sobre las modificaciones en nuestros servicios o productos o en nuestras pol\u00edticas condiciones legales.<\/li><li>Tramitar su compra on-line a trav\u00e9s de nuestra plataforma.<\/li><li>Enviarle el newsletter cuando se encuentre suscrito, con las ofertas, actividades y promociones de www.antonioautos.com y del sector de&nbsp;que pudieran ser de su inter\u00e9s.<\/li><\/ul>\n\n\n\n<p>www.antonioautos.com tambi\u00e9n recoge informaci\u00f3n de los usuarios de la web no facilitada directamente por ellos mediante cookies y dispositivos. Los datos recogidos a trav\u00e9s de las cookies y otros dispositivos ser\u00e1n utilizados para estudios estad\u00edsticos y an\u00e1lisis de perfiles con la finalidad de prestar un mejor servicio a trav\u00e9s de nuestra web, para lo que se utilizar\u00e1 la aplicaci\u00f3n\u00a0<strong>GOOGLE ANALYTICS<\/strong>, que es una herramienta de Google para ayudar a analizar a los propietarios de los sitios web el modo en que sus visitantes interact\u00faan con sus propiedades. Puede obtener m\u00e1s informaci\u00f3n de su pol\u00edtica de privacidad en\u00a0https:\/\/www.google.es\/intl\/es_ALL\/analytics\/learn\/privacy.html Google, incluidas todas sus herramientas, cumplen con el marco EU-US Privacy Shield Framework, de conformidad con lo establecido por el Departamento de Comercio de los Estados Unidos en lo que respecta a la recogida, utilizaci\u00f3n y conservaci\u00f3n de la informaci\u00f3n personal de pa\u00edses miembros de la Uni\u00f3n Europea. www.antonioautos.com procurar\u00e1 en todo momento establecer mecanismos adecuados para obtener el consentimiento del Usuario para la instalaci\u00f3n de cookies que lo requieran. Cuando un usuario accede a nuestra web aparece un pop-up en el que se informa de la existencia de cookies y de que si contin\u00faa navegando por nuestra p\u00e1gina presta su consentimiento para la instalaci\u00f3n de cookies. La aceptaci\u00f3n de la instalaci\u00f3n de las cookies conlleva la aceptaci\u00f3n de la conservaci\u00f3n de la direcci\u00f3n IP en los registros de www.antonioautos.com, junto con la fecha de aceptaci\u00f3n, por el plazo de un a\u00f1o, con la finalidad de demostrar el consentimiento prestado. Puede obtener m\u00e1s informaci\u00f3n en nuestra \u201cPol\u00edtica de Cookies\u201d. \u00a0 <\/p>\n\n\n\n<p><strong>\u00bfCUAL ES LA LEGITIMACI\u00d3N PARA EL TRATAMIENTO DE SUS DATOS?<\/strong> <\/p>\n\n\n\n<p>La legitimaci\u00f3n para el tratamiento de sus datos por parte de www.antonioautos.com se basa en:<\/p>\n\n\n\n<ul class=\"wp-block-list\"><li>En la&nbsp;<strong>ejecuci\u00f3n de un precontrato \/ contrato<\/strong>&nbsp;para remitirle la informaci\u00f3n y prestarle el servicio solicitado, para la gesti\u00f3n de su compra on-line y para darle de alta como&nbsp;usuario registrado, no siendo posible su realizaci\u00f3n en caso&nbsp;contrario.<\/li><\/ul>\n\n\n\n<p><strong>\u00bfPOR CU\u00c1NTO TIEMPO CONSERVAMOS SUS DATOS?<\/strong> <\/p>\n\n\n\n<p>Los datos para remitirle la informaci\u00f3n o realizar la prestaci\u00f3n del servicio que soliciten mediante los diversos formularios disponibles en nuestra web, para gestionar su compra on-line a trav\u00e9s de nuestra plataforma, y su registro como usuario ser\u00e1n conservados durante el tiempo que la relaci\u00f3n contractual se encuentre vigente, y una vez finalizada durante el plazo de prescripci\u00f3n legales. La direcci\u00f3n IP obtenida a trav\u00e9s de las cookies tendr\u00e1 un plazo de conservaci\u00f3n de un a\u00f1o, con la finalidad de demostrar el consentimiento del usuario. En cuanto al plazo de conservaci\u00f3n de las cookies, puede obtener m\u00e1s informaci\u00f3n en nuestra web en el apartado \u201cPol\u00edtica de cookies\u201d \u00a0 <\/p>\n\n\n\n<p><strong>\u00bfQU\u00c9 TIPO DE DATOS TRATAMOS DE NUESTROS USUARIOS?<\/strong> <\/p>\n\n\n\n<p>www.antonioautos.com trata las siguientes categor\u00edas de datos:<\/p>\n\n\n\n<ol class=\"wp-block-list\"><li><strong>Datos de los usuarios que rellenan cualquiera de los formularios disponibles:&nbsp;<\/strong>Los datos personales que www.antonioautos.com solicita incluyen:<ul><li><strong>Datos identificativos:&nbsp;<\/strong>nombre y apellidos, tel\u00e9fono, direcci\u00f3n postal y electr\u00f3nica<\/li><li><strong>Datos relativos a la solicitud<\/strong><\/li><\/ul><\/li><li><strong>Datos de los usuarios que se registran en nuestra plataforma:<\/strong><ul><li><strong>Datos identificativos:&nbsp;<\/strong>Nombre y apellidos, direcci\u00f3n postal y electr\u00f3nica, tel\u00e9fono, direcci\u00f3n de facturaci\u00f3n.<\/li><\/ul><\/li><li><strong>Datos de los usuarios que realizan una compra:<\/strong><ul><li><strong>Datos identificativos:&nbsp;<\/strong>Tratamiento, nombre, apellidos, direcci\u00f3n postal y electr\u00f3nica, tel\u00e9fono, direcci\u00f3n de facturaci\u00f3n.<\/li><li><strong>Datos de transacciones: Productos comprados y medio de pago<\/strong><\/li><\/ul><\/li><li><strong>Datos de los usuarios que navegan por nuestra web: Datos proporcionados por las cookies y por Google Analytics.<\/strong><\/li><\/ol>\n\n\n\n<p><strong>S\u00f3lo los mayores de 16 a\u00f1os<\/strong>\u00a0pueden facilitar datos a trav\u00e9s de nuestra web. Si eres menor de esta edad deber\u00e1s contar con el consentimiento de tus padres o tutores legales. El Usuario garantiza la autenticidad y actualidad de todos aquellos datos que comunique a www.antonioautos.com y declara que es mayor de 16 a\u00f1os, y ser\u00e1 el \u00fanico responsable de las manifestaciones falsas o inexactas que realice. Los datos de car\u00e1cter personal tratados por www.antonioautos.com pueden ser obligatorios o voluntarios. La informaci\u00f3n voluntaria es aquella que el usuario no est\u00e1 obligado a facilitar para contactar con nosotros. Los campos marcados con un asterisco (*) o con la palabra (requerido) en nuestros formularios son de cumplimentaci\u00f3n obligatoria, la negativa a suministrarlos supondr\u00e1 la imposibilidad de prestarle el servicio o atender su solicitud. En el caso que nos facilites datos de terceros, manifiesta contar con el consentimiento de los mismos y se compromete a trasladar la informaci\u00f3n que facilitamos en esta cl\u00e1usula, eximiendo a www.antonioautos.com de cualquier tipo de obligaci\u00f3n. No obstante www.antonioautos.com podr\u00e1 llevar a cabo verificaciones para constatar que el tercero ha sido informado adoptando las medidas de diligencia establecidas en la normativa de protecci\u00f3n de datos. \u00a0 <\/p>\n\n\n\n<p><strong>\u00bfA QU\u00c9 DESTINATARIOS SE COMUNICAR\u00c1N SUS DATOS?<\/strong> <\/p>\n\n\n\n<p>No se ceder\u00e1 datos a terceros salvo obligaci\u00f3n legal o en el supuesto que sea necesario para atender su solicitud. \u00a0 <\/p>\n\n\n\n<p><strong>\u00bfQU\u00c9 DERECHOS LE ASISTEN Y C\u00d3MO PUEDE EJERCITARLOS?<\/strong> <\/p>\n\n\n\n<p>El usuario puede ejercer los siguiente derechos ante www.antonioautos.com:<\/p>\n\n\n\n<ol class=\"wp-block-list\"><li>Acceder a sus datos personales<\/li><li>Rectificarlos&nbsp;cuando son inexactos o incompletos<\/li><li>Solicitar la supresi\u00f3n o cancelaci\u00f3n de los datos cuando, entre otros motivos hayan dejado de ser necesarios para los fines para los que fueron recogidos<\/li><li>Oponerse a su tratamiento<\/li><li>Pedir&nbsp;la limitaci\u00f3n del tratamiento de sus datos cuando se den alguna de&nbsp;as condiciones previstas en la normativa<\/li><li>Solicitar la portabilidad de sus datos en los casos previstos en la normativa<\/li><li>Impedir ser objeto de decisiones automatizadas<\/li><li>Revocar los consentimientos otorgados<\/li><\/ol>\n\n\n\n<p>El usuario para ejercer sus derechos, deber\u00e1 enviar un escrito en el que indique el derecho que desea ejercitar y acompa\u00f1ar documento acreditativo de su identidad y direcci\u00f3n postal o electr\u00f3nica a efectos de notificaci\u00f3n. Esta solicitud puede realizarla, bien mediante correo postal a: Piscinas &amp; ANTONIO AUTOS 2010 S.L.U., Calle La Matanza, La Matanza, Tenerife, Spain, o bien en la siguiente direcci\u00f3n de correo-e:\u00a0protecciondatos@antonioautos.com www.antonioautos.com deber\u00e1 contestar la solicitud del ejercicio de derechos en el\u00a0<strong>plazo de un mes<\/strong>\u00a0a partir de la recepci\u00f3n de la solicitud. Dicho plazo podr\u00e1 prorrogarse otros dos meses en caso necesario, teniendo en cuenta la complejidad y el n\u00famero de solicitudes. Le informaremos de cualquier pr\u00f3rroga en el plazo de un mes a partir de la recepci\u00f3n de la solicitud indicando los motivos de la dilaci\u00f3n. Asimismo, los interesados tienen derecho a reclamar ante la Autoridad de Control competente (Agencia Espa\u00f1ola de Protecci\u00f3n de Datos) cuando consideren que www.antonioautos.com ha vulnerado los derechos que la normativa de protecci\u00f3n de datos les reconoce en\u00a0www.aepd.es \u00a0 <\/p>\n\n\n\n<p><strong>\u00bfEST\u00c1N SEGUROS MIS DATOS?<\/strong><\/p>\n\n\n\n<p> www.antonioautos.com tiene vigente un contrato con la empresa de Hosting OVH HISPANO S.L.U. para el alojamiento de su p\u00e1gina web. Es una empresa europea y dispone de los \u00faltimos sistemas en medidas de seguridad. www.antonioautos.com garantiza la adopci\u00f3n de las medidas oportunas para asegurar el tratamiento confidencial de sus datos habida cuenta del car\u00e1cter reservado de los mismos. www.antonioautos.com se compromete a que dichos datos permanezcan secretos, tratando dichos datos con la m\u00e1xima reserva, y declara tener implantadas en su sistema de informaci\u00f3n, las pol\u00edticas de seguridad correspondientes al tipo de datos manejados conforme a lo dispuesto en el\u00a0<strong>REGLAMENTO (UE) 2016\/679 DEL PARLAMENTO EUROPEO Y DEL CONSEJO de 27 de abril de 2016<\/strong>\u00a0relativo a la protecci\u00f3n de las personas f\u00edsicas en lo que respecta al tratamiento de datos personales y a la libre circulaci\u00f3n de estos datos (RGPD). Todos los datos facilitados a trav\u00e9s de nuestra plataforma se realiza mediante un protocolo seguro. Nuestra web posee un certificado SSL que permite que cuando alg\u00fan usuario visita nuestra web e intercambia informaci\u00f3n con nosotros se establece una conexi\u00f3n cifrada. \u00a0<\/p>\n\n\n\n<p> <strong>\u00bfNECESITA UNA CUENTA Y\/O CONTRASE\u00d1A?<\/strong> <\/p>\n\n\n\n<p>El usuario puede registrarse en nuestra web, para ello resulta indispensable la creaci\u00f3n de una cuenta. Es responsabilidad del usuario mantener la confidencialidad de la informaci\u00f3n de la cuenta, incluyendo la contrase\u00f1a, as\u00ed como todas y cada una de las actividades que en ella sucedan. El usuario tiene la obligaci\u00f3n de informar a www.antonioautos.com de forma inmediata en caso de que se haga un uso ileg\u00edtimo de su cuenta o contrase\u00f1a, o si ocurriera cualquier problema relativo a la seguridad, mediante el env\u00edo de un correo electr\u00f3nico a\u00a0protecciondatos@antonioautos.com \u00a0<\/p>\n\n\n\n<p><strong>ENLACES A OTROS SITIOS WEB<\/strong> <\/p>\n\n\n\n<p>Si opta por abandonar nuestro sitio Web a trav\u00e9s de enlaces a otros sitios Web no pertenecientes a nuestra entidad, www.antonioautos.com no se har\u00e1 responsable de las pol\u00edticas de privacidad de dichos sitios Web ni de las cookies que estos puedan almacenar en el ordenador del usuario. \u00a0<\/p>","protected":false},"excerpt":{"rendered":"<p>class=&#8221;entry-header&#8221;&gt; INFORMACI\u00d3N B\u00c1SICA DE PROTECCI\u00d3N DE DATOS Responsable ANTONIO AUTOS 2010 S.L.U. en adelante \u00abwww.antonioautos.com\u00bb Finalidad Atender las solicitudes realizadas a trav\u00e9s de la web, gestionar el env\u00edo de informaci\u00f3n, gestionar sus compras on-line, registrarse como usuario. Legitimaci\u00f3n Consentimiento del interesado y ejecuci\u00f3n de un precontrato\/ contrato. Destinatarios No se har\u00e1 cesi\u00f3n de datos a [&hellip;]<\/p>","protected":false},"author":1,"featured_media":0,"parent":0,"menu_order":0,"comment_status":"closed","ping_status":"closed","template":"","meta":{"footnotes":""},"class_list":["post-2326","page","type-page","status-publish","hentry"],"_links":{"self":[{"href":"https:\/\/www.antonioautos.com\/en\/wp-json\/wp\/v2\/pages\/2326","targetHints":{"allow":["GET"]}}],"collection":[{"href":"https:\/\/www.antonioautos.com\/en\/wp-json\/wp\/v2\/pages"}],"about":[{"href":"https:\/\/www.antonioautos.com\/en\/wp-json\/wp\/v2\/types\/page"}],"author":[{"embeddable":true,"href":"https:\/\/www.antonioautos.com\/en\/wp-json\/wp\/v2\/users\/1"}],"replies":[{"embeddable":true,"href":"https:\/\/www.antonioautos.com\/en\/wp-json\/wp\/v2\/comments?post=2326"}],"version-history":[{"count":2,"href":"https:\/\/www.antonioautos.com\/en\/wp-json\/wp\/v2\/pages\/2326\/revisions"}],"predecessor-version":[{"id":2328,"href":"https:\/\/www.antonioautos.com\/en\/wp-json\/wp\/v2\/pages\/2326\/revisions\/2328"}],"wp:attachment":[{"href":"https:\/\/www.antonioautos.com\/en\/wp-json\/wp\/v2\/media?parent=2326"}],"curies":[{"name":"wp","href":"https:\/\/api.w.org\/{rel}","templated":true}]}}